{"id":5331,"date":"2022-01-25T11:58:07","date_gmt":"2022-01-25T10:58:07","guid":{"rendered":"http:\/\/10.14.1.26\/website\/bescherming-van-de-persoonlijke-levensfeer\/"},"modified":"2026-03-11T17:19:39","modified_gmt":"2026-03-11T16:19:39","slug":"bescherming-van-de-persoonlijke-levensfeer","status":"publish","type":"page","link":"https:\/\/www.stpierre-bru.be\/nl\/bescherming-van-de-persoonlijke-levensfeer\/","title":{"rendered":"Bescherming van het priv\u00e9leven"},"content":{"rendered":"<p>[et_pb_section fb_built=&#8221;1&#8243; admin_label=&#8221;Hero&#8221; _builder_version=&#8221;4.16&#8243; custom_padding=&#8221;0|0px|0px|0px|false|false&#8221; bottom_divider_height=&#8221;0px&#8221; border_color_bottom=&#8221;#efefef&#8221; global_colors_info=&#8221;{}&#8221;][et_pb_row column_structure=&#8221;3_5,2_5&#8243; _builder_version=&#8221;4.16&#8243; width=&#8221;100%&#8221; max_width=&#8221;100%&#8221; min_height=&#8221;558.6px&#8221; custom_margin=&#8221;|auto|0px|auto|false|false&#8221; custom_margin_tablet=&#8221;||0px|&#8221; custom_margin_phone=&#8221;&#8221; custom_margin_last_edited=&#8221;on|desktop&#8221; custom_padding=&#8221;0|0px|0px|0px|false|false&#8221; use_custom_width=&#8221;on&#8221; width_unit=&#8221;off&#8221; custom_width_percent=&#8221;100%&#8221; ab_goal=&#8221;on&#8221; global_colors_info=&#8221;{}&#8221;][et_pb_column type=&#8221;3_5&#8243; _builder_version=&#8221;4.16&#8243; custom_padding=&#8221;6%||6%|12%|false|false&#8221; custom_padding_tablet=&#8221;50px|50px|50px|50px&#8221; custom_padding_phone=&#8221;&#8221; custom_padding_last_edited=&#8221;on|tablet&#8221; global_colors_info=&#8221;{}&#8221; padding_tablet=&#8221;50px|50px|50px|50px&#8221; padding_last_edited=&#8221;on|tablet&#8221; custom_padding__hover=&#8221;|||&#8221; padding_phone=&#8221;50px|50px|50px|50px&#8221;][et_pb_text _builder_version=&#8221;4.16&#8243; text_font=&#8221;Montserrat|300|||||||&#8221; text_text_color=&#8221;#677a92&#8243; text_font_size=&#8221;16px&#8221; text_line_height=&#8221;1.8em&#8221; header_font=&#8221;Montserrat||||||||&#8221; header_font_size=&#8221;50px&#8221; header_line_height=&#8221;1.3em&#8221; header_2_font=&#8221;||||||||&#8221; max_width=&#8221;600px&#8221; custom_margin=&#8221;|||&#8221; custom_margin_tablet=&#8221;0px|50px||50px&#8221; custom_margin_phone=&#8221;|20px||&#8221; custom_margin_last_edited=&#8221;off|desktop&#8221; custom_padding=&#8221;|||&#8221; text_line_height_tablet=&#8221;1.8em&#8221; text_line_height_phone=&#8221;1.8em&#8221; text_line_height_last_edited=&#8221;on|phone&#8221; header_font_size_tablet=&#8221;&#8221; header_font_size_phone=&#8221;36px&#8221; header_font_size_last_edited=&#8221;on|phone&#8221; header_2_font_size_phone=&#8221;30px&#8221; header_2_font_size_last_edited=&#8221;off|desktop&#8221; locked=&#8221;off&#8221; global_colors_info=&#8221;{}&#8221;]<\/p>\n<h1>Bescherming van het priv\u00e9leven<\/h1>\n<p>[\/et_pb_text][et_pb_text _builder_version=&#8221;4.16&#8243; text_font=&#8221;Montserrat|300|||||||&#8221; text_font_size=&#8221;16px&#8221; text_line_height=&#8221;2em&#8221; link_font=&#8221;||||||||&#8221; ul_font=&#8221;||||||||&#8221; ol_font=&#8221;||||||||&#8221; quote_font=&#8221;||||||||&#8221; header_font=&#8221;||||||||&#8221; header_2_font=&#8221;Montserrat|300|||||||&#8221; header_2_text_color=&#8221;#212d3b&#8221; header_2_font_size=&#8221;40px&#8221; header_2_line_height=&#8221;1.5em&#8221; max_width=&#8221;824px&#8221; custom_margin=&#8221;|-33px||||&#8221; custom_margin_tablet=&#8221;0px|50px||50px&#8221; custom_margin_last_edited=&#8221;off|desktop&#8221; custom_padding=&#8221;|0px||||&#8221; locked=&#8221;off&#8221; global_colors_info=&#8221;{}&#8221;]<\/p>\n<div class=\"hat-big\">\n<p>bij de verwerking van persoonsgegevens over de pati\u00ebnt.<\/p>\n<\/div>\n<p>[\/et_pb_text][et_pb_button button_url=&#8221;https:\/\/www.stpierre-bru.be\/app\/uploads\/2026\/03\/REGLEMENT-BETREFFENDE-DE-VERWERKING-VAN-PERSOONSGEGEVENS-MAART-2026.pdf&#8221; button_text=&#8221;Ons reglement&#8221; _builder_version=&#8221;4.27.3&#8243; _module_preset=&#8221;default&#8221; custom_button=&#8221;on&#8221; button_text_color=&#8221;#FFFFFF&#8221; button_bg_color=&#8221;#E09900&#8243; button_border_width=&#8221;0px&#8221; button_border_color=&#8221;RGBA(0,0,0,0)&#8221; button_border_radius=&#8221;29px&#8221; custom_margin=&#8221;||25px|||&#8221; custom_padding=&#8221;|46px||||&#8221; hover_enabled=&#8221;0&#8243; global_colors_info=&#8221;{}&#8221; sticky_enabled=&#8221;0&#8243;][\/et_pb_button][et_pb_button button_url=&#8221;https:\/\/www.stpierre-bru.be\/wp-content\/uploads\/2021\/11\/Protection_Vie_privee_plan_securite_2018_FR.pdf&#8221; button_text=&#8221;Ons veiligheidsplan&#8221; _builder_version=&#8221;4.16&#8243; _dynamic_attributes=&#8221;button_url&#8221; _module_preset=&#8221;default&#8221; custom_button=&#8221;on&#8221; button_text_color=&#8221;#FFFFFF&#8221; button_bg_color=&#8221;#E09900&#8243; button_border_width=&#8221;0px&#8221; button_border_color=&#8221;RGBA(0,0,0,0)&#8221; button_border_radius=&#8221;29px&#8221; custom_margin=&#8221;||21px|||&#8221; custom_padding=&#8221;|24px||||&#8221; global_colors_info=&#8221;{}&#8221;][\/et_pb_button][et_pb_button button_url=&#8221;@ET-DC@eyJkeW5hbWljIjp0cnVlLCJjb250ZW50IjoicG9zdF9saW5rX3VybF9hdHRhY2htZW50Iiwic2V0dGluZ3MiOnsicG9zdF9pZCI6IjYwODQ4IiwiZW5hYmxlX2h0bWwiOiJvZmYifX0=@&#8221; button_text=&#8221;Ons beleid inzake wetenschappelijk onderzoek&#8221; _builder_version=&#8221;4.27.3&#8243; _dynamic_attributes=&#8221;button_url&#8221; _module_preset=&#8221;default&#8221; custom_button=&#8221;on&#8221; button_text_color=&#8221;#FFFFFF&#8221; button_bg_color=&#8221;#E09900&#8243; button_border_width=&#8221;0px&#8221; button_border_color=&#8221;RGBA(0,0,0,0)&#8221; button_border_radius=&#8221;29px&#8221; custom_padding=&#8221;|24px||||&#8221; global_colors_info=&#8221;{}&#8221;][\/et_pb_button][\/et_pb_column][et_pb_column type=&#8221;2_5&#8243; _builder_version=&#8221;4.16&#8243; custom_padding=&#8221;|||&#8221; global_colors_info=&#8221;{}&#8221; custom_padding__hover=&#8221;|||&#8221;][et_pb_image src=&#8221;https:\/\/www.stpierre-bru.be\/wp-content\/uploads\/2021\/06\/doctor-10.jpg&#8221; force_fullwidth=&#8221;on&#8221; align_tablet=&#8221;center&#8221; align_phone=&#8221;&#8221; align_last_edited=&#8221;on|desktop&#8221; _builder_version=&#8221;4.16&#8243; custom_margin=&#8221;|||&#8221; custom_padding=&#8221;|||&#8221; border_radii=&#8221;|24vw|||24vw&#8221; border_color_all=&#8221;#E09900&#8243; border_width_left=&#8221;2vw&#8221; box_shadow_style=&#8221;preset4&#8243; box_shadow_horizontal=&#8221;-15px&#8221; box_shadow_vertical=&#8221;0px&#8221; box_shadow_color=&#8221;rgba(224,153,0,0.5)&#8221; global_colors_info=&#8221;{}&#8221;][\/et_pb_image][\/et_pb_column][\/et_pb_row][et_pb_row _builder_version=&#8221;4.16&#8243; _module_preset=&#8221;default&#8221; global_colors_info=&#8221;{}&#8221;][et_pb_column type=&#8221;4_4&#8243; _builder_version=&#8221;4.16&#8243; _module_preset=&#8221;default&#8221; global_colors_info=&#8221;{}&#8221;][et_pb_text _builder_version=&#8221;4.16&#8243; _module_preset=&#8221;default&#8221; global_colors_info=&#8221;{}&#8221;]<\/p>\n<p>De artikels 15 en 17 quater van de wet op de ziekenhuizen geco\u00f6rdineerd op 7 augustus 1987, verplichten het ziekenhuis voor elke pati\u00ebnt een pati\u00ebntendossier aan te leggen, waarin de medische, paramedische en verpleegkundige gegevens die op hem betrekking hebben, zijn opgetekend en dit met het oog op de optimale ontwikkeling der medische, paramedische en verpleegkundige activiteiten.<\/p>\n<p>De geautomatiseerde of manuele verwerking der medische gegevens welke zij inhouden, gebeuren onder het toezicht en de verantwoordelijkheid van een beoefenaar van de geneeskunde. Men verstaat onder medische gegevens alle gegevens met persoonlijk karakter waaruit informatie kan worden afgeleid omtrent de vorige, huidige of toekomstige fysieke of mentale gezondheidstoestand, met uitzondering van louter administratieve en boekhoudkundige gegevens die verband houden met de behandeling of de medische verzorging. (Algemene Europese Verordening 2016\/679 inzake gegevensbescherming van 4 mei 2016: Verordening (DG) nr. 6).<\/p>\n<p>Deze gegevens kunnen niet aan derden worden meegedeeld. Het kan echter wel worden doorgegeven aan een arts en zijn medisch team met uw schriftelijke toestemming of, in geval van nood voor uw medische behandeling. Ze kunnen of moeten ook worden doorgegeven aan het RIZIV, aan uw ziekenfonds of verzekeringsmaatschappij en aan bepaalde registers zoals HeathData.be, de het nationaal kankerregister, enz.<\/p>\n<p>[\/et_pb_text][\/et_pb_column][\/et_pb_row][\/et_pb_section][et_pb_section fb_built=&#8221;1&#8243; admin_label=&#8221;Doctors&#8221; _builder_version=&#8221;4.16&#8243; background_color=&#8221;#f1f5f7&#8243; custom_padding=&#8221;100px|0px|100px|0px|true|false&#8221; global_colors_info=&#8221;{}&#8221;][et_pb_row custom_padding_last_edited=&#8221;on|tablet&#8221; _builder_version=&#8221;4.16&#8243; custom_margin=&#8221;-78px|auto||auto||&#8221; custom_padding=&#8221;|||&#8221; custom_padding_tablet=&#8221;100px||50px|&#8221; custom_padding_phone=&#8221;&#8221; global_colors_info=&#8221;{}&#8221;][et_pb_column type=&#8221;4_4&#8243; _builder_version=&#8221;4.16&#8243; custom_padding=&#8221;|||&#8221; global_colors_info=&#8221;{}&#8221; custom_padding__hover=&#8221;|||&#8221;][et_pb_text _builder_version=&#8221;4.16&#8243; _module_preset=&#8221;default&#8221; global_colors_info=&#8221;{}&#8221;]<\/p>\n<p>Buiten deze medische gegevens maken de volgende gegevens ook het voorwerp uit van een geautomatiseerde of manuele verwerking in het vooruitzicht van uw medische behandeling alsook voor boekhoudkundige en beheersmatige doeleinden: identificatiegegevens, persoonlijke kenmerken, met inbegrip van het lidmaatschap bij een verzekeringsinstelling, de samenstelling van het gezin, het beroep en eventueel het rijksregisternummer.<\/p>\n<p>Als pati\u00ebnt hebt u recht op toegang tot uw persoonlijke gegevens, op verbetering en het wissen, in overeenstemming met de artikelen 15 tot 17 van het GDPR. U heeft ook het recht op minimale verwerking (GPDR art. 18), bezwaar aan te tekenen (GPDR art. 21) voor de verwerking van uw persoonsgegevens en een automatische beslissing te weigeren (GDPR art. 22).<\/p>\n<p>Deze rechten zijn echter niet absoluut, maar de praktische toepassing ervan wordt ook geregeld door de bovenvermelde wet op de ziekenhuizen, de wet van 22 augustus 2002 op de rechten van pati\u00ebnten.<\/p>\n<p>Uw medische gegevens worden u echter alleen binnen 15 dagen na uw schriftelijk verzoek meegedeeld, hetzij rechtstreeks aan u, hetzij via een door u gekozen arts (bijvoorbeeld uw huisarts).<\/p>\n<p>U kan op onze internetsite het reglement raadplegen dat in het ziekenhuis werd opgesteld en waarin onder meer de veiligheidsmaatregelen zijn vastgelegd die werden ingevoerd om de bescherming van de persoonlijke levenssfeer te waarborgen in het kader van de informatisering van dossiers en de verwerking van persoonsgegevens van pati\u00ebnten.<\/p>\n<p>Ieder verzoek met betrekking tot de verwerking van uw persoonsgegevens kan ook worden gericht aan de Hoofdarts, de Bemiddelingsdienst of de functionaris voor gegevensbescherming van de instelling.<\/p>\n<p>U hebt ook het recht om een klacht in te dienen bij de gegevensbeschermingsautoriteit, Drukpersstraat 35, 1000 Brussel.<\/p>\n<p>[\/et_pb_text][\/et_pb_column][\/et_pb_row][\/et_pb_section]<\/p>\n","protected":false},"excerpt":{"rendered":"<p>Bescherming van het priv\u00e9leven bij de verwerking van persoonsgegevens over de pati\u00ebnt. De artikels 15 en 17 quater van de wet op de ziekenhuizen geco\u00f6rdineerd op 7 augustus 1987, verplichten [&hellip;]<\/p>\n","protected":false},"author":1,"featured_media":0,"parent":0,"menu_order":0,"comment_status":"closed","ping_status":"closed","template":"","meta":{"_acf_changed":false,"_et_pb_use_builder":"on","_et_pb_old_content":"","_et_gb_content_width":"","_price":"","_stock":"","_tribe_ticket_header":"","_tribe_default_ticket_provider":"","_tribe_ticket_capacity":"0","_ticket_start_date":"","_ticket_end_date":"","_tribe_ticket_show_description":"","_tribe_ticket_show_not_going":false,"_tribe_ticket_use_global_stock":"","_tribe_ticket_global_stock_level":"","_global_stock_mode":"","_global_stock_cap":"","_tribe_rsvp_for_event":"","_tribe_ticket_going_count":"","_tribe_ticket_not_going_count":"","_tribe_tickets_list":"[]","_tribe_ticket_has_attendee_info_fields":false,"footnotes":""},"categories":[],"tags":[],"class_list":["post-5331","page","type-page","status-publish","hentry"],"acf":[],"yoast_head":"<!-- This site is optimized with the Yoast SEO plugin v26.5 - https:\/\/yoast.com\/wordpress\/plugins\/seo\/ -->\n<title>Bescherming van het priv\u00e9leven - CHU Saint-Pierre | UMC Sint-Pieter<\/title>\n<meta name=\"robots\" content=\"index, follow, max-snippet:-1, max-image-preview:large, max-video-preview:-1\" \/>\n<link rel=\"canonical\" href=\"https:\/\/www.stpierre-bru.be\/nl\/bescherming-van-de-persoonlijke-levensfeer\/\" \/>\n<meta property=\"og:locale\" content=\"nl_NL\" \/>\n<meta property=\"og:type\" content=\"article\" \/>\n<meta property=\"og:title\" content=\"Bescherming van het priv\u00e9leven - CHU Saint-Pierre | UMC Sint-Pieter\" \/>\n<meta property=\"og:description\" content=\"Bescherming van het priv\u00e9leven bij de verwerking van persoonsgegevens over de pati\u00ebnt. De artikels 15 en 17 quater van de wet op de ziekenhuizen geco\u00f6rdineerd op 7 augustus 1987, verplichten [&hellip;]\" \/>\n<meta property=\"og:site_name\" content=\"CHU Saint-Pierre | UMC Sint-Pieter\" \/>\n<meta property=\"article:modified_time\" content=\"2026-03-11T16:19:39+00:00\" \/>\n<meta name=\"twitter:card\" content=\"summary_large_image\" \/>\n<meta name=\"twitter:label1\" content=\"Est. reading time\" \/>\n\t<meta name=\"twitter:data1\" content=\"6 minutes\" \/>\n<script type=\"application\/ld+json\" class=\"yoast-schema-graph\">{\"@context\":\"https:\/\/schema.org\",\"@graph\":[{\"@type\":\"WebPage\",\"@id\":\"https:\/\/www.stpierre-bru.be\/nl\/bescherming-van-de-persoonlijke-levensfeer\/\",\"url\":\"https:\/\/www.stpierre-bru.be\/nl\/bescherming-van-de-persoonlijke-levensfeer\/\",\"name\":\"Bescherming van het priv\u00e9leven - CHU Saint-Pierre | UMC Sint-Pieter\",\"isPartOf\":{\"@id\":\"https:\/\/www.stpierre-bru.be\/#website\"},\"datePublished\":\"2022-01-25T10:58:07+00:00\",\"dateModified\":\"2026-03-11T16:19:39+00:00\",\"breadcrumb\":{\"@id\":\"https:\/\/www.stpierre-bru.be\/nl\/bescherming-van-de-persoonlijke-levensfeer\/#breadcrumb\"},\"inLanguage\":\"nl-NL\",\"potentialAction\":[{\"@type\":\"ReadAction\",\"target\":[\"https:\/\/www.stpierre-bru.be\/nl\/bescherming-van-de-persoonlijke-levensfeer\/\"]}]},{\"@type\":\"BreadcrumbList\",\"@id\":\"https:\/\/www.stpierre-bru.be\/nl\/bescherming-van-de-persoonlijke-levensfeer\/#breadcrumb\",\"itemListElement\":[{\"@type\":\"ListItem\",\"position\":1,\"name\":\"Home\",\"item\":\"https:\/\/www.stpierre-bru.be\/nl\/home\/\"},{\"@type\":\"ListItem\",\"position\":2,\"name\":\"Bescherming van het priv\u00e9leven\"}]},{\"@type\":\"WebSite\",\"@id\":\"https:\/\/www.stpierre-bru.be\/#website\",\"url\":\"https:\/\/www.stpierre-bru.be\/\",\"name\":\"CHU Saint-Pierre | UMC Sint-Pieter\",\"description\":\"Bienvenue\",\"publisher\":{\"@id\":\"https:\/\/www.stpierre-bru.be\/#organization\"},\"potentialAction\":[{\"@type\":\"SearchAction\",\"target\":{\"@type\":\"EntryPoint\",\"urlTemplate\":\"https:\/\/www.stpierre-bru.be\/?s={search_term_string}\"},\"query-input\":{\"@type\":\"PropertyValueSpecification\",\"valueRequired\":true,\"valueName\":\"search_term_string\"}}],\"inLanguage\":\"nl-NL\"},{\"@type\":\"Organization\",\"@id\":\"https:\/\/www.stpierre-bru.be\/#organization\",\"name\":\"CHU Saint-Pierre | UMC Sint-Pieter\",\"url\":\"https:\/\/www.stpierre-bru.be\/\",\"logo\":{\"@type\":\"ImageObject\",\"inLanguage\":\"nl-NL\",\"@id\":\"https:\/\/www.stpierre-bru.be\/#\/schema\/logo\/image\/\",\"url\":\"https:\/\/www.stpierre-bru.be\/wp-content\/uploads\/2021\/06\/Logo_chu_umc_0.png\",\"contentUrl\":\"https:\/\/www.stpierre-bru.be\/wp-content\/uploads\/2021\/06\/Logo_chu_umc_0.png\",\"width\":733,\"height\":281,\"caption\":\"CHU Saint-Pierre | UMC Sint-Pieter\"},\"image\":{\"@id\":\"https:\/\/www.stpierre-bru.be\/#\/schema\/logo\/image\/\"}}]}<\/script>\n<!-- \/ Yoast SEO plugin. -->","yoast_head_json":{"title":"Bescherming van het priv\u00e9leven - CHU Saint-Pierre | UMC Sint-Pieter","robots":{"index":"index","follow":"follow","max-snippet":"max-snippet:-1","max-image-preview":"max-image-preview:large","max-video-preview":"max-video-preview:-1"},"canonical":"https:\/\/www.stpierre-bru.be\/nl\/bescherming-van-de-persoonlijke-levensfeer\/","og_locale":"nl_NL","og_type":"article","og_title":"Bescherming van het priv\u00e9leven - CHU Saint-Pierre | UMC Sint-Pieter","og_description":"Bescherming van het priv\u00e9leven bij de verwerking van persoonsgegevens over de pati\u00ebnt. De artikels 15 en 17 quater van de wet op de ziekenhuizen geco\u00f6rdineerd op 7 augustus 1987, verplichten [&hellip;]","og_site_name":"CHU Saint-Pierre | UMC Sint-Pieter","article_modified_time":"2026-03-11T16:19:39+00:00","twitter_card":"summary_large_image","twitter_misc":{"Est. reading time":"6 minutes"},"schema":{"@context":"https:\/\/schema.org","@graph":[{"@type":"WebPage","@id":"https:\/\/www.stpierre-bru.be\/nl\/bescherming-van-de-persoonlijke-levensfeer\/","url":"https:\/\/www.stpierre-bru.be\/nl\/bescherming-van-de-persoonlijke-levensfeer\/","name":"Bescherming van het priv\u00e9leven - CHU Saint-Pierre | UMC Sint-Pieter","isPartOf":{"@id":"https:\/\/www.stpierre-bru.be\/#website"},"datePublished":"2022-01-25T10:58:07+00:00","dateModified":"2026-03-11T16:19:39+00:00","breadcrumb":{"@id":"https:\/\/www.stpierre-bru.be\/nl\/bescherming-van-de-persoonlijke-levensfeer\/#breadcrumb"},"inLanguage":"nl-NL","potentialAction":[{"@type":"ReadAction","target":["https:\/\/www.stpierre-bru.be\/nl\/bescherming-van-de-persoonlijke-levensfeer\/"]}]},{"@type":"BreadcrumbList","@id":"https:\/\/www.stpierre-bru.be\/nl\/bescherming-van-de-persoonlijke-levensfeer\/#breadcrumb","itemListElement":[{"@type":"ListItem","position":1,"name":"Home","item":"https:\/\/www.stpierre-bru.be\/nl\/home\/"},{"@type":"ListItem","position":2,"name":"Bescherming van het priv\u00e9leven"}]},{"@type":"WebSite","@id":"https:\/\/www.stpierre-bru.be\/#website","url":"https:\/\/www.stpierre-bru.be\/","name":"CHU Saint-Pierre | UMC Sint-Pieter","description":"Bienvenue","publisher":{"@id":"https:\/\/www.stpierre-bru.be\/#organization"},"potentialAction":[{"@type":"SearchAction","target":{"@type":"EntryPoint","urlTemplate":"https:\/\/www.stpierre-bru.be\/?s={search_term_string}"},"query-input":{"@type":"PropertyValueSpecification","valueRequired":true,"valueName":"search_term_string"}}],"inLanguage":"nl-NL"},{"@type":"Organization","@id":"https:\/\/www.stpierre-bru.be\/#organization","name":"CHU Saint-Pierre | UMC Sint-Pieter","url":"https:\/\/www.stpierre-bru.be\/","logo":{"@type":"ImageObject","inLanguage":"nl-NL","@id":"https:\/\/www.stpierre-bru.be\/#\/schema\/logo\/image\/","url":"https:\/\/www.stpierre-bru.be\/wp-content\/uploads\/2021\/06\/Logo_chu_umc_0.png","contentUrl":"https:\/\/www.stpierre-bru.be\/wp-content\/uploads\/2021\/06\/Logo_chu_umc_0.png","width":733,"height":281,"caption":"CHU Saint-Pierre | UMC Sint-Pieter"},"image":{"@id":"https:\/\/www.stpierre-bru.be\/#\/schema\/logo\/image\/"}}]}},"_links":{"self":[{"href":"https:\/\/www.stpierre-bru.be\/nl\/wp-json\/wp\/v2\/pages\/5331","targetHints":{"allow":["GET"]}}],"collection":[{"href":"https:\/\/www.stpierre-bru.be\/nl\/wp-json\/wp\/v2\/pages"}],"about":[{"href":"https:\/\/www.stpierre-bru.be\/nl\/wp-json\/wp\/v2\/types\/page"}],"author":[{"embeddable":true,"href":"https:\/\/www.stpierre-bru.be\/nl\/wp-json\/wp\/v2\/users\/1"}],"replies":[{"embeddable":true,"href":"https:\/\/www.stpierre-bru.be\/nl\/wp-json\/wp\/v2\/comments?post=5331"}],"version-history":[{"count":10,"href":"https:\/\/www.stpierre-bru.be\/nl\/wp-json\/wp\/v2\/pages\/5331\/revisions"}],"predecessor-version":[{"id":64399,"href":"https:\/\/www.stpierre-bru.be\/nl\/wp-json\/wp\/v2\/pages\/5331\/revisions\/64399"}],"wp:attachment":[{"href":"https:\/\/www.stpierre-bru.be\/nl\/wp-json\/wp\/v2\/media?parent=5331"}],"wp:term":[{"taxonomy":"category","embeddable":true,"href":"https:\/\/www.stpierre-bru.be\/nl\/wp-json\/wp\/v2\/categories?post=5331"},{"taxonomy":"post_tag","embeddable":true,"href":"https:\/\/www.stpierre-bru.be\/nl\/wp-json\/wp\/v2\/tags?post=5331"}],"curies":[{"name":"wp","href":"https:\/\/api.w.org\/{rel}","templated":true}]}}